{"id":12322,"date":"2023-05-07T15:35:49","date_gmt":"2023-05-07T13:35:49","guid":{"rendered":"https:\/\/qcells.me\/?page_id=12322"},"modified":"2023-05-09T09:35:45","modified_gmt":"2023-05-09T07:35:45","slug":"become-a-partner","status":"publish","type":"page","link":"https:\/\/qcells.me\/?page_id=12322","title":{"rendered":"Become a Partner"},"content":{"rendered":"<style>\/*! elementor - v3.12.2 - 23-04-2023 *\/<br \/>\n.elementor-heading-title{padding:0;margin:0;line-height:1}.elementor-widget-heading .elementor-heading-title[class*=elementor-size-]>a{color:inherit;font-size:inherit;line-height:inherit}.elementor-widget-heading .elementor-heading-title.elementor-size-small{font-size:15px}.elementor-widget-heading .elementor-heading-title.elementor-size-medium{font-size:19px}.elementor-widget-heading .elementor-heading-title.elementor-size-large{font-size:29px}.elementor-widget-heading .elementor-heading-title.elementor-size-xl{font-size:39px}.elementor-widget-heading .elementor-heading-title.elementor-size-xxl{font-size:59px}<\/style>\n<h2>Aabout us<\/h2>\n<p>Quantanium was created out of passion for mobility. Its goal is to popularize electromobility solutions, improve energy efficiency and enable the use of consumer electronics without interference. Thanks to the quality of its products, the brand has won the recognition of customers and has been developing dynamically since 2013, constantly increasing its market share. The Quantanium portfolio includes reliable products for charging and accumulating electricity. Join the Quantanium revolution and feel the power of Fresh Energy!<\/p>\n<style>\/*! elementor - v3.12.2 - 23-04-2023 *\/<br \/>\n.elementor-widget-image{text-align:center}.elementor-widget-image a{display:inline-block}.elementor-widget-image a img[src$=\".svg\"]{width:48px}.elementor-widget-image img{vertical-align:middle;display:inline-block}<\/style>\n<p>\t\t\t\t\t\t\t\t\t\t\t\t<img decoding=\"async\" src=\"https:\/\/qcells.me\/wp-content\/uploads\/2023\/05\/faci1.jpg\" alt=\"\" loading=\"lazy\" srcset=\"https:\/\/qcells.me\/wp-content\/uploads\/2023\/05\/faci1.jpg 1842w, https:\/\/qcells.me\/wp-content\/uploads\/2023\/05\/faci1-300x135.jpg 300w, https:\/\/qcells.me\/wp-content\/uploads\/2023\/05\/faci1-1024x460.jpg 1024w, https:\/\/qcells.me\/wp-content\/uploads\/2023\/05\/faci1-768x345.jpg 768w, https:\/\/qcells.me\/wp-content\/uploads\/2023\/05\/faci1-1536x690.jpg 1536w, https:\/\/qcells.me\/wp-content\/uploads\/2023\/05\/faci1-24x11.jpg 24w, https:\/\/qcells.me\/wp-content\/uploads\/2023\/05\/faci1-36x16.jpg 36w, https:\/\/qcells.me\/wp-content\/uploads\/2023\/05\/faci1-48x22.jpg 48w, https:\/\/qcells.me\/wp-content\/uploads\/2023\/05\/faci1-450x202.jpg 450w, https:\/\/qcells.me\/wp-content\/uploads\/2023\/05\/faci1-800x360.jpg 800w\" sizes=\"auto, (max-width: 1842px) 100vw, 1842px\" width=\"1842\" height=\"828\"><\/p>\n<h2>For one decades, QUANTANIUM has been at the forefront of e-commerce.<\/h2>\n<p>Quantanium was founded 2013, and he started with developing electric vehicles such: Electric scooters, Mopeds, Mountain bikes and from 2019 and battery storage systems for home and business. Since 2019, all products have been designed and manufactured in Poland according to the strictest European standards<\/p>\n<link rel=\"stylesheet\" href=\"https:\/\/qcells.me\/wp-content\/uploads\/elementor\/css\/custom-widget-icon-box.min.css?ver=1683097518\">\n<h3>\n\t\t\t\t\t\tOur Mission<\/h3>\n<p>A team including leading the market of charging and energy storage products by providing Fresh Energy and independence to our clients.<br \/>\neiusmod tempor incididunt ut labore aliqua.<\/p>\n<h3>\n\t\t\t\t\t\tVision<\/h3>\n<p>Make a significant contribution to the development of a world of sustainable energy.<\/p>\n<h3>\n\t\t\t\t\t\tTrust<\/h3>\n<p>Over 1,900,000 people have trusted us for almost 7 years.<br \/>\nFor those customers who like statistics, we have prepared some of the most important ones<\/p>\n<p><img decoding=\"async\" src=\"https:\/\/qcells.me\/wp-content\/uploads\/2022\/04\/About_img2.jpg\" alt=\"\" loading=\"lazy\" srcset=\"https:\/\/qcells.me\/wp-content\/uploads\/2022\/04\/About_img2.jpg 440w, https:\/\/qcells.me\/wp-content\/uploads\/2022\/04\/About_img2-261x300.jpg 261w\" sizes=\"auto, (max-width: 440px) 100vw, 440px\" width=\"440\" height=\"506\"><br \/>\n<img decoding=\"async\" src=\"https:\/\/qcells.me\/wp-content\/uploads\/2022\/04\/About_img3.jpg\" alt=\"\" loading=\"lazy\" srcset=\"https:\/\/qcells.me\/wp-content\/uploads\/2022\/04\/About_img3.jpg 350w, https:\/\/qcells.me\/wp-content\/uploads\/2022\/04\/About_img3-244x300.jpg 244w\" sizes=\"auto, (max-width: 350px) 100vw, 350px\" width=\"350\" height=\"430\"><br \/>\n<img decoding=\"async\" src=\"https:\/\/qcells.me\/wp-content\/uploads\/2023\/05\/line-1.jpg\" alt=\"\" loading=\"lazy\" srcset=\"https:\/\/qcells.me\/wp-content\/uploads\/2023\/05\/line-1.jpg 1264w, https:\/\/qcells.me\/wp-content\/uploads\/2023\/05\/line-1-300x142.jpg 300w, https:\/\/qcells.me\/wp-content\/uploads\/2023\/05\/line-1-1024x486.jpg 1024w, https:\/\/qcells.me\/wp-content\/uploads\/2023\/05\/line-1-768x365.jpg 768w, https:\/\/qcells.me\/wp-content\/uploads\/2023\/05\/line-1-24x11.jpg 24w, https:\/\/qcells.me\/wp-content\/uploads\/2023\/05\/line-1-36x17.jpg 36w, https:\/\/qcells.me\/wp-content\/uploads\/2023\/05\/line-1-48x23.jpg 48w, https:\/\/qcells.me\/wp-content\/uploads\/2023\/05\/line-1-450x214.jpg 450w, https:\/\/qcells.me\/wp-content\/uploads\/2023\/05\/line-1-800x380.jpg 800w\" sizes=\"auto, (max-width: 1264px) 100vw, 1264px\" width=\"1264\" height=\"600\"><br \/>\n<img decoding=\"async\" src=\"https:\/\/qcells.me\/wp-content\/uploads\/2023\/05\/war.jpg\" alt=\"\" loading=\"lazy\" srcset=\"https:\/\/qcells.me\/wp-content\/uploads\/2023\/05\/war.jpg 1581w, https:\/\/qcells.me\/wp-content\/uploads\/2023\/05\/war-300x128.jpg 300w, https:\/\/qcells.me\/wp-content\/uploads\/2023\/05\/war-1024x437.jpg 1024w, https:\/\/qcells.me\/wp-content\/uploads\/2023\/05\/war-768x328.jpg 768w, https:\/\/qcells.me\/wp-content\/uploads\/2023\/05\/war-1536x656.jpg 1536w, https:\/\/qcells.me\/wp-content\/uploads\/2023\/05\/war-24x10.jpg 24w, https:\/\/qcells.me\/wp-content\/uploads\/2023\/05\/war-36x15.jpg 36w, https:\/\/qcells.me\/wp-content\/uploads\/2023\/05\/war-48x20.jpg 48w, https:\/\/qcells.me\/wp-content\/uploads\/2023\/05\/war-450x192.jpg 450w, https:\/\/qcells.me\/wp-content\/uploads\/2023\/05\/war-800x342.jpg 800w\" sizes=\"auto, (max-width: 1581px) 100vw, 1581px\" width=\"1581\" height=\"675\"><\/p>\n<h2>We Love Our Clients<\/h2>\n<p>We are very fortunate to have formed excellent partnerships<br \/>\nwith many of our clients.<\/p>\n<h3>EWALL<\/h3>\n<p>Very polite and professional. Appeared to have very high work ethic. Explained the operational procedure of the installation and also left work area in a very tidy condition on completion<br \/>\n<img src=\"https:\/\/qcells.me\/wp-content\/uploads\/2022\/04\/About_tes2.jpg\" alt=\"\" decoding=\"async\" loading=\"lazy\" srcset=\"https:\/\/qcells.me\/wp-content\/uploads\/2022\/04\/About_tes2.jpg 60w, https:\/\/qcells.me\/wp-content\/uploads\/2022\/04\/About_tes2-50x50.jpg 50w\" sizes=\"auto, (max-width: 60px) 100vw, 60px\" width=\"60\" height=\"60\"><br \/>\nMark W.                                                                                            manager<\/p>\n<h3>EWALL<\/h3>\n<p>instalacja przebieg\u0142a bezproblemowo<br \/>\nByli punktualni i skuteczni<br \/>\nObs\u0142uga klienta jest r\u00f3wnie\u017c dobra<br \/>\n<img src=\"https:\/\/qcells.me\/wp-content\/uploads\/2022\/04\/About_tes1.jpg\" alt=\"\" decoding=\"async\" loading=\"lazy\" srcset=\"https:\/\/qcells.me\/wp-content\/uploads\/2022\/04\/About_tes1.jpg 60w, https:\/\/qcells.me\/wp-content\/uploads\/2022\/04\/About_tes1-50x50.jpg 50w\" sizes=\"auto, (max-width: 60px) 100vw, 60px\" width=\"60\" height=\"60\"><br \/>\nPawel                                                                                            Design<\/p>\n<h3>Battery Storidge System<\/h3>\n<p>Great initial contact, efficient installation and problem solving of our situation. Have had no problems with the system since installation nearly two years ago. Happy customer!<br \/>\n<img src=\"https:\/\/qcells.me\/wp-content\/uploads\/2022\/04\/About_tes.jpg\" alt=\"\" decoding=\"async\" loading=\"lazy\" srcset=\"https:\/\/qcells.me\/wp-content\/uploads\/2022\/04\/About_tes.jpg 60w, https:\/\/qcells.me\/wp-content\/uploads\/2022\/04\/About_tes-50x50.jpg 50w\" sizes=\"auto, (max-width: 60px) 100vw, 60px\" width=\"60\" height=\"60\"><br \/>\nJohana S.                                                                                            private business<\/p>\n<h3>Pro M2<\/h3>\n<p>Jas is very professional and his team very helpful. No issues at all.<br \/>\nTomek                                                                                            tramwajarz<\/p>\n<h3>20KW battery<\/h3>\n<p>Jas hat alles klar erkl\u00e4rt und das Projekt von Anfang bis Ende beaufsichtigt, ich kann ihn nur w\u00e4rmstens f\u00fcr Ihre Installation empfehlen. Ich freue mich sehr, dieses polnische Unternehmen zu unterst\u00fctzen. Machen Sie weiter mit der gro\u00dfartigen Arbeit.<br \/>\nUwe B.                                                                                            director<\/p>\n","protected":false},"excerpt":{"rendered":"<p>Aabout us Quantanium was created out of passion for mobility. Its goal is to popularize electromobility solutions, improve energy efficiency and enable the use of consumer electronics without interference. Thanks to the quality of its products, the brand has won the recognition of customers and has been developing dynamically since 2013, constantly increasing its market [&hellip;]<\/p>\n","protected":false},"author":1,"featured_media":0,"parent":0,"menu_order":0,"comment_status":"closed","ping_status":"closed","template":"template-homepage.php","meta":{"inline_featured_image":false,"footnotes":""},"class_list":["post-12322","page","type-page","status-publish","hentry"],"_links":{"self":[{"href":"https:\/\/qcells.me\/index.php?rest_route=\/wp\/v2\/pages\/12322","targetHints":{"allow":["GET"]}}],"collection":[{"href":"https:\/\/qcells.me\/index.php?rest_route=\/wp\/v2\/pages"}],"about":[{"href":"https:\/\/qcells.me\/index.php?rest_route=\/wp\/v2\/types\/page"}],"author":[{"embeddable":true,"href":"https:\/\/qcells.me\/index.php?rest_route=\/wp\/v2\/users\/1"}],"replies":[{"embeddable":true,"href":"https:\/\/qcells.me\/index.php?rest_route=%2Fwp%2Fv2%2Fcomments&post=12322"}],"version-history":[{"count":1,"href":"https:\/\/qcells.me\/index.php?rest_route=\/wp\/v2\/pages\/12322\/revisions"}],"predecessor-version":[{"id":12323,"href":"https:\/\/qcells.me\/index.php?rest_route=\/wp\/v2\/pages\/12322\/revisions\/12323"}],"wp:attachment":[{"href":"https:\/\/qcells.me\/index.php?rest_route=%2Fwp%2Fv2%2Fmedia&parent=12322"}],"curies":[{"name":"wp","href":"https:\/\/api.w.org\/{rel}","templated":true}]}}